{"id":2576,"date":"2023-06-07T13:30:43","date_gmt":"2023-06-07T13:30:43","guid":{"rendered":"https:\/\/artresidence.bj\/?page_id=2576"},"modified":"2023-06-07T14:06:30","modified_gmt":"2023-06-07T14:06:30","slug":"candidater-a-un-residence","status":"publish","type":"page","link":"https:\/\/artresidence.bj\/en\/candidater-a-un-residence\/","title":{"rendered":"Candidater \u00e0 un r\u00e9sidence"},"content":{"rendered":"<p>[vc_row][vc_column]\n\t\t\t<!-- START Candidater REVOLUTION SLIDER 6.2.2 --><p class=\"rs-p-wp-fix\"><\/p>\n\t\t\t<rs-module-wrap id=\"rev_slider_39_1_wrapper\" data-source=\"gallery\" style=\"background:#1c1c1c;padding:0;margin:0px auto;margin-top:0;margin-bottom:0;\">\n\t\t\t\t<rs-module id=\"rev_slider_39_1\" style=\"display:none;\" data-version=\"6.2.2\">\n\t\t\t\t\t<rs-slides>\n\t\t\t\t\t\t<rs-slide data-key=\"rs-90\" data-title=\"slide\" data-anim=\"ei:d;eo:d;s:2300;r:0;t:fadethroughdark;sl:d;\" id=\"slide-1\" data-p1=\"01\">\n\t\t\t\t\t\t\t<img loading=\"lazy\" decoding=\"async\" src=\"\/\/artresidence.bj\/wp-content\/uploads\/2021\/08\/Art-Residence-_Galerie-dArt_Porto-Novo-Benin-1024x684-1.jpg\" title=\"Art-Residence-_Galerie-dArt_Porto-Novo-Benin-1024&#215;684\" width=\"1024\" height=\"684\" data-parallax=\"3\" class=\"rev-slidebg\" data-no-retina>\n<!--\n\t\t\t\t\t\t\t--><rs-layer\n\t\t\t\t\t\t\t\tid=\"slider-39-slide-90-layer-11\" \n\t\t\t\t\t\t\t\tdata-type=\"text\"\n\t\t\t\t\t\t\t\tdata-rsp_ch=\"on\"\n\t\t\t\t\t\t\t\tdata-xy=\"xo:50px,41px,31px,19px;yo:50px,41px,31px,19px;\"\n\t\t\t\t\t\t\t\tdata-text=\"w:normal;s:20,16,12,7;l:25,20,15,9;a:center;\"\n\t\t\t\t\t\t\t\tdata-frame_999=\"o:0;st:w;\"\n\t\t\t\t\t\t\t\tstyle=\"z-index:9;font-family:Roboto;\"\n\t\t\t\t\t\t\t><span class=\"art_underline\">Can<\/span>didater \u00e0 une r\u00e9sidence \n\t\t\t\t\t\t\t<\/rs-layer><!--\n\n\t\t\t\t\t\t\t--><rs-layer\n\t\t\t\t\t\t\t\tid=\"slider-39-slide-90-layer-23\" \n\t\t\t\t\t\t\t\tdata-type=\"shape\"\n\t\t\t\t\t\t\t\tdata-rsp_ch=\"on\"\n\t\t\t\t\t\t\t\tdata-text=\"w:normal;s:20,16,12,7;l:0,20,15,9;\"\n\t\t\t\t\t\t\t\tdata-dim=\"w:100%;h:100%;\"\n\t\t\t\t\t\t\t\tdata-actions='o:click;a:scrollto;sp:1000ms;e:power1.inOut;'\n\t\t\t\t\t\t\t\tdata-basealign=\"slide\"\n\t\t\t\t\t\t\t\tdata-blendmode=\"darken\"\n\t\t\t\t\t\t\t\tdata-frame_999=\"o:0;st:w;\"\n\t\t\t\t\t\t\t\tstyle=\"z-index:8;background-color:rgba(0,0,0,0.5);\"\n\t\t\t\t\t\t\t> \n\t\t\t\t\t\t\t<\/rs-layer><!--\n-->\t\t\t\t\t\t<\/rs-slide>\n\t\t\t\t\t<\/rs-slides>\n\t\t\t\t\t<rs-progress class=\"rs-bottom\" style=\"visibility: hidden !important;\"><\/rs-progress>\n\t\t\t\t<\/rs-module>\n\t\t\t\t<script type=\"text\/javascript\">\n\t\t\t\t\tsetREVStartSize({c: 'rev_slider_39_1',rl:[1240,1024,778,480],el:[786,768,960,720],gw:[1240,1024,778,480],gh:[786,768,960,720],type:'standard',justify:'',layout:'fullwidth',mh:\"0\"});\n\t\t\t\t\tvar\trevapi39,\n\t\t\t\t\t\ttpj;\n\t\t\t\t\tjQuery(function() {\n\t\t\t\t\t\ttpj = jQuery;\n\t\t\t\t\t\tif(tpj(\"#rev_slider_39_1\").revolution == undefined){\n\t\t\t\t\t\t\trevslider_showDoubleJqueryError(\"#rev_slider_39_1\");\n\t\t\t\t\t\t}else{\n\t\t\t\t\t\t\trevapi39 = tpj(\"#rev_slider_39_1\").show().revolution({\n\t\t\t\t\t\t\t\tjsFileLocation:\"\/\/artresidence.bj\/wp-content\/plugins\/revslider\/public\/assets\/js\/\",\n\t\t\t\t\t\t\t\tsliderLayout:\"fullwidth\",\n\t\t\t\t\t\t\t\tvisibilityLevels:\"1240,1024,778,480\",\n\t\t\t\t\t\t\t\tgridwidth:\"1240,1024,778,480\",\n\t\t\t\t\t\t\t\tgridheight:\"786,768,960,720\",\n\t\t\t\t\t\t\t\teditorheight:\"786,768,960,720\",\n\t\t\t\t\t\t\t\tresponsiveLevels:\"1240,1024,778,480\",\n\t\t\t\t\t\t\t\tdisableProgressBar:\"on\",\n\t\t\t\t\t\t\t\tnavigation: {\n\t\t\t\t\t\t\t\t\tmouseScrollNavigation:false,\n\t\t\t\t\t\t\t\t\tonHoverStop:false,\n\t\t\t\t\t\t\t\t\ttouch: {\n\t\t\t\t\t\t\t\t\t\ttouchenabled:true,\n\t\t\t\t\t\t\t\t\t\tswipe_min_touches:50\n\t\t\t\t\t\t\t\t\t}\n\t\t\t\t\t\t\t\t},\n\t\t\t\t\t\t\t\tparallax: {\n\t\t\t\t\t\t\t\t\tlevels:[2,4,6,8,10,12,14,16,45,50,47,48,49,50,0,0],\n\t\t\t\t\t\t\t\t\ttype:\"mouse\",\n\t\t\t\t\t\t\t\t\tspeed:1000\n\t\t\t\t\t\t\t\t},\n\t\t\t\t\t\t\t\tfallbacks: {\n\t\t\t\t\t\t\t\t\tallowHTML5AutoPlayOnAndroid:true\n\t\t\t\t\t\t\t\t},\n\t\t\t\t\t\t\t});\n\t\t\t\t\t\t}\n\t\t\t\t\t\t\n\t\t\t\t\t});\n\t\t\t\t<\/script>\n\t\t\t<\/rs-module-wrap>\n\t\t\t<!-- END REVOLUTION SLIDER -->\n[\/vc_column][\/vc_row][vc_row][vc_column]<div style=\"background-color:; height: 150px;\" class=\"nicdark_section\"><\/div>[vc_custom_heading text=\u00a0\u00bbPostuler pour une r\u00e9sidence\u00a0\u00bb el_class=\u00a0\u00bbretwisted\u00a0\u00bb][vc_column_text]Lorem ipsum dolor sit amet, consectetur adipiscing elit. Ut elit tellus, luctus nec ullamcorper mattis, pulvinar dapibus leo. Lorem ipsum dolor sit amet, consectetur adipiscing elit. Ut elit tellus, luctus nec ullamcorper mattis, pulvinar dapibus leo. Lorem ipsum dolor sit amet, consectetur adipiscing elit. Ut elit tellus, luctus nec ullamcorper mattis, pulvinar dapibus leo.[\/vc_column_text][\/vc_column][\/vc_row][vc_row][vc_column]\n\n    <style>\n\n    #nd_options_shortcode_cf7_2579 input[type=\"text\"],\n    #nd_options_shortcode_cf7_2579 input[type=\"email\"],\n    #nd_options_shortcode_cf7_2579 input[type=\"url\"],\n    #nd_options_shortcode_cf7_2579 input[type=\"tel\"],\n    #nd_options_shortcode_cf7_2579 input[type=\"number\"],\n    #nd_options_shortcode_cf7_2579 input[type=\"date\"],\n    #nd_options_shortcode_cf7_2579 input[type=\"checkbox\"],\n    #nd_options_shortcode_cf7_2579 input[type=\"file\"],\n    #nd_options_shortcode_cf7_2579 input[type=\"submit\"],\n    #nd_options_shortcode_cf7_2579 textarea,\n    #nd_options_shortcode_cf7_2579 label,\n    #nd_options_shortcode_cf7_2579 select\n    {\n\n      width: 100%;\n\n    }\n\n\n    .nd_options_customizer_forms span.wpcf7-not-valid-tip,\n    .nd_options_customizer_forms .wpcf7-response-output.wpcf7-validation-errors,\n    .nd_options_customizer_forms .wpcf7-response-output.wpcf7-mail-sent-ok\n    {\n\n      float: left;\n      width: 100%;\n      box-sizing: border-box;\n\n    }\n\n    <\/style>\n\n  \n\n    <!--start form-->\n    <div id=\"nd_options_shortcode_cf7_2579\" class=\"nd_options_section nd_options_border_1_solid_grey nd_options_bg_white\">\n\n      <div class=\"nd_options_section nd_options_padding_20 nd_options_box_sizing_border_box nd_options_bg_grey nd_options_border_bottom_1_solid_grey nd_options_text_align_center\">\n        <h6 style=\"background-color:;\" class=\"nd_options_second_font nd_options_padding_5 nd_options_border_radius_3 nd_options_color_white nd_options_display_inline_block\"><\/h6>\n        <div class=\"nd_options_section nd_options_height_5\"><\/div>\n        <h1 class=\"\"><strong><\/strong><\/h1>\n      <\/div>\n      \n      <div class=\"nd_options_section nd_options_padding_20_50 nd_options_box_sizing_border_box\">\n        <div role=\"form\" class=\"wpcf7\" id=\"wpcf7-f2579-o1\" lang=\"fr-FR\" dir=\"ltr\">\n<div class=\"screen-reader-response\"><p role=\"status\" aria-live=\"polite\" aria-atomic=\"true\"><\/p> <ul><\/ul><\/div>\n<form action=\"\/en\/wp-json\/wp\/v2\/pages\/2576#wpcf7-f2579-o1\" method=\"post\" class=\"wpcf7-form init\" novalidate=\"novalidate\" data-status=\"init\" data-trp-original-action=\"\/en\/wp-json\/wp\/v2\/pages\/2576#wpcf7-f2579-o1\">\n<div style=\"display: none;\">\n<input type=\"hidden\" name=\"_wpcf7\" value=\"2579\" \/>\n<input type=\"hidden\" name=\"_wpcf7_version\" value=\"5.4.2\" \/>\n<input type=\"hidden\" name=\"_wpcf7_locale\" value=\"fr_FR\" \/>\n<input type=\"hidden\" name=\"_wpcf7_unit_tag\" value=\"wpcf7-f2579-o1\" \/>\n<input type=\"hidden\" name=\"_wpcf7_container_post\" value=\"0\" \/>\n<input type=\"hidden\" name=\"_wpcf7_posted_data_hash\" value=\"\" \/>\n<\/div>\n<p><label> Votre nom<br \/>\n    <span class=\"wpcf7-form-control-wrap your-name\"><input type=\"text\" name=\"your-name\" value=\"\" size=\"40\" class=\"wpcf7-form-control wpcf7-text wpcf7-validates-as-required\" aria-required=\"true\" aria-invalid=\"false\" \/><\/span> <\/label><\/p>\n<p><label> Votre e-mail<br \/>\n    <span class=\"wpcf7-form-control-wrap your-email\"><input type=\"email\" name=\"your-email\" value=\"\" size=\"40\" class=\"wpcf7-form-control wpcf7-text wpcf7-email wpcf7-validates-as-required wpcf7-validates-as-email\" aria-required=\"true\" aria-invalid=\"false\" \/><\/span> <\/label><\/p>\n<p><label> D\u00e9claration artistique<br \/>\n    <span class=\"wpcf7-form-control-wrap your-declaration\"><textarea name=\"your-declaration\" cols=\"40\" rows=\"10\" class=\"wpcf7-form-control wpcf7-textarea\" aria-invalid=\"false\"><\/textarea><\/span><\/label><\/p>\n<p><label> Type d'Art<br \/>\n    <span class=\"wpcf7-form-control-wrap your-type\"><input type=\"text\" name=\"your-type\" value=\"\" size=\"40\" class=\"wpcf7-form-control wpcf7-text wpcf7-validates-as-required\" aria-required=\"true\" aria-invalid=\"false\" \/><\/span> <\/label><\/p>\n<p><label> Lien vers portfolio\/site<br \/>\n    <span class=\"wpcf7-form-control-wrap your-url\"><input type=\"url\" name=\"your-url\" value=\"http:\/\/example.com\" size=\"40\" class=\"wpcf7-form-control wpcf7-text wpcf7-url wpcf7-validates-as-url\" aria-invalid=\"false\" \/><\/span> <\/label><\/p>\n<p><label> R\u00e9seau social<br \/>\n    <span class=\"wpcf7-form-control-wrap your-social\"><input type=\"text\" name=\"your-social\" value=\"\" size=\"40\" class=\"wpcf7-form-control wpcf7-text wpcf7-validates-as-required\" aria-required=\"true\" aria-invalid=\"false\" \/><\/span> <\/label><\/p>\n<p><label> Date(s) pr\u00e9f\u00e9r\u00e9es<br \/>\n    <span class=\"wpcf7-form-control-wrap your-dates\"><input type=\"text\" name=\"your-dates\" value=\"\" size=\"40\" class=\"wpcf7-form-control wpcf7-text wpcf7-validates-as-required\" aria-required=\"true\" aria-invalid=\"false\" \/><\/span> <\/label><\/p>\n<p><label> Suite de pr\u00e9f\u00e9rence<br \/>\n    <span class=\"wpcf7-form-control-wrap your-country\"><span class=\"wpcf7-form-control wpcf7-checkbox\"><span class=\"wpcf7-list-item first\"><input type=\"checkbox\" name=\"your-country[]\" value=\"Chambre Standard\" \/><span class=\"wpcf7-list-item-label\">Standard Room<\/span><\/span><span class=\"wpcf7-list-item\"><input type=\"checkbox\" name=\"your-country[]\" value=\"Chambre Prestige\" \/><span class=\"wpcf7-list-item-label\">Prestige Room<\/span><\/span><span class=\"wpcf7-list-item\"><input type=\"checkbox\" name=\"your-country[]\" value=\"Suite junior\" \/><span class=\"wpcf7-list-item-label\">Suite junior<\/span><\/span><span class=\"wpcf7-list-item\"><input type=\"checkbox\" name=\"your-country[]\" value=\"Suite Double\" \/><span class=\"wpcf7-list-item-label\">Double Suite<\/span><\/span><span class=\"wpcf7-list-item last\"><input type=\"checkbox\" name=\"your-country[]\" value=\"Suite Triple\" \/><span class=\"wpcf7-list-item-label\">Triple Suite<\/span><\/span><\/span><\/span> <\/label> <\/p>\n<p><input type=\"submit\" value=\"Soumettre\" class=\"wpcf7-form-control wpcf7-submit\" \/><\/p>\n<div class=\"wpcf7-response-output\" aria-hidden=\"true\"><\/div><input type=\"hidden\" name=\"trp-form-language\" value=\"en\"\/><\/form><\/div> \n      <\/div>  \n\n    <\/div>\n    <!--end form-->\n\n   [\/vc_column][\/vc_row]<\/p>","protected":false},"excerpt":{"rendered":"<p>[vc_row][vc_column][\/vc_column][\/vc_row][vc_row][vc_column][vc_custom_heading text=\u00a0\u00bbPostuler pour une r\u00e9sidence\u00a0\u00bb el_class=\u00a0\u00bbretwisted\u00a0\u00bb][vc_column_text]Lorem ipsum dolor sit amet, consectetur adipiscing elit. Ut elit tellus, luctus nec ullamcorper mattis, pulvinar dapibus leo. Lorem ipsum dolor sit amet, consectetur adipiscing elit. Ut elit tellus, luctus nec ullamcorper mattis, pulvinar dapibus leo. Lorem ipsum dolor sit amet, consectetur adipiscing elit. Ut elit tellus, luctus nec ullamcorper [&hellip;]<\/p>","protected":false},"author":1,"featured_media":0,"parent":0,"menu_order":0,"comment_status":"closed","ping_status":"closed","template":"","meta":{"footnotes":""},"class_list":["post-2576","page","type-page","status-publish","hentry"],"yoast_head":"<!-- This site is optimized with the Yoast SEO plugin v16.2 - https:\/\/yoast.com\/wordpress\/plugins\/seo\/ -->\n<title>Candidater \u00e0 un r\u00e9sidence - ART Residence<\/title>\n<meta name=\"robots\" content=\"index, follow, max-snippet:-1, max-image-preview:large, max-video-preview:-1\" \/>\n<link rel=\"canonical\" href=\"https:\/\/artresidence.bj\/en\/candidater-a-un-residence\/\" \/>\n<meta property=\"og:locale\" content=\"en_US\" \/>\n<meta property=\"og:type\" content=\"article\" \/>\n<meta property=\"og:title\" content=\"Candidater \u00e0 un r\u00e9sidence - ART Residence\" \/>\n<meta property=\"og:description\" content=\"[vc_row][vc_column][\/vc_column][\/vc_row][vc_row][vc_column][vc_custom_heading text=\u00a0\u00bbPostuler pour une r\u00e9sidence\u00a0\u00bb el_class=\u00a0\u00bbretwisted\u00a0\u00bb][vc_column_text]Lorem ipsum dolor sit amet, consectetur adipiscing elit. Ut elit tellus, luctus nec ullamcorper mattis, pulvinar dapibus leo. Lorem ipsum dolor sit amet, consectetur adipiscing elit. Ut elit tellus, luctus nec ullamcorper mattis, pulvinar dapibus leo. Lorem ipsum dolor sit amet, consectetur adipiscing elit. Ut elit tellus, luctus nec ullamcorper [&hellip;]\" \/>\n<meta property=\"og:url\" content=\"https:\/\/artresidence.bj\/en\/candidater-a-un-residence\/\" \/>\n<meta property=\"og:site_name\" content=\"ART Residence\" \/>\n<meta property=\"article:modified_time\" content=\"2023-06-07T14:06:30+00:00\" \/>\n<meta name=\"twitter:card\" content=\"summary_large_image\" \/>\n<meta name=\"twitter:label1\" content=\"Est. reading time\">\n\t<meta name=\"twitter:data1\" content=\"1 minute\">\n<script type=\"application\/ld+json\" class=\"yoast-schema-graph\">{\"@context\":\"https:\/\/schema.org\",\"@graph\":[{\"@type\":\"Organization\",\"@id\":\"https:\/\/artresidence.bj\/#organization\",\"name\":\"ART Residence\",\"url\":\"https:\/\/artresidence.bj\/\",\"sameAs\":[],\"logo\":{\"@type\":\"ImageObject\",\"@id\":\"https:\/\/artresidence.bj\/#logo\",\"inLanguage\":\"en-US\",\"url\":\"https:\/\/artresidence.bj\/wp-content\/uploads\/2021\/08\/1X1M-DEGRADE-1024x1024.png\",\"contentUrl\":\"https:\/\/artresidence.bj\/wp-content\/uploads\/2021\/08\/1X1M-DEGRADE-1024x1024.png\",\"width\":1024,\"height\":1024,\"caption\":\"ART Residence\"},\"image\":{\"@id\":\"https:\/\/artresidence.bj\/#logo\"}},{\"@type\":\"WebSite\",\"@id\":\"https:\/\/artresidence.bj\/#website\",\"url\":\"https:\/\/artresidence.bj\/\",\"name\":\"ART Residence\",\"description\":\"Be ART\",\"publisher\":{\"@id\":\"https:\/\/artresidence.bj\/#organization\"},\"potentialAction\":[{\"@type\":\"SearchAction\",\"target\":\"https:\/\/artresidence.bj\/?s={search_term_string}\",\"query-input\":\"required name=search_term_string\"}],\"inLanguage\":\"en-US\"},{\"@type\":\"WebPage\",\"@id\":\"https:\/\/artresidence.bj\/candidater-a-un-residence\/#webpage\",\"url\":\"https:\/\/artresidence.bj\/candidater-a-un-residence\/\",\"name\":\"Candidater \\u00e0 un r\\u00e9sidence - ART Residence\",\"isPartOf\":{\"@id\":\"https:\/\/artresidence.bj\/#website\"},\"datePublished\":\"2023-06-07T13:30:43+00:00\",\"dateModified\":\"2023-06-07T14:06:30+00:00\",\"breadcrumb\":{\"@id\":\"https:\/\/artresidence.bj\/candidater-a-un-residence\/#breadcrumb\"},\"inLanguage\":\"en-US\",\"potentialAction\":[{\"@type\":\"ReadAction\",\"target\":[\"https:\/\/artresidence.bj\/candidater-a-un-residence\/\"]}]},{\"@type\":\"BreadcrumbList\",\"@id\":\"https:\/\/artresidence.bj\/candidater-a-un-residence\/#breadcrumb\",\"itemListElement\":[{\"@type\":\"ListItem\",\"position\":1,\"item\":{\"@type\":\"WebPage\",\"@id\":\"https:\/\/artresidence.bj\/\",\"url\":\"https:\/\/artresidence.bj\/\",\"name\":\"Accueil\"}},{\"@type\":\"ListItem\",\"position\":2,\"item\":{\"@id\":\"https:\/\/artresidence.bj\/candidater-a-un-residence\/#webpage\"}}]}]}<\/script>\n<!-- \/ Yoast SEO plugin. -->","_links":{"self":[{"href":"https:\/\/artresidence.bj\/en\/wp-json\/wp\/v2\/pages\/2576","targetHints":{"allow":["GET"]}}],"collection":[{"href":"https:\/\/artresidence.bj\/en\/wp-json\/wp\/v2\/pages"}],"about":[{"href":"https:\/\/artresidence.bj\/en\/wp-json\/wp\/v2\/types\/page"}],"author":[{"embeddable":true,"href":"https:\/\/artresidence.bj\/en\/wp-json\/wp\/v2\/users\/1"}],"replies":[{"embeddable":true,"href":"https:\/\/artresidence.bj\/en\/wp-json\/wp\/v2\/comments?post=2576"}],"version-history":[{"count":6,"href":"https:\/\/artresidence.bj\/en\/wp-json\/wp\/v2\/pages\/2576\/revisions"}],"predecessor-version":[{"id":2583,"href":"https:\/\/artresidence.bj\/en\/wp-json\/wp\/v2\/pages\/2576\/revisions\/2583"}],"wp:attachment":[{"href":"https:\/\/artresidence.bj\/en\/wp-json\/wp\/v2\/media?parent=2576"}],"curies":[{"name":"wp","href":"https:\/\/api.w.org\/{rel}","templated":true}]}}